{"id":74,"date":"2013-07-18T11:15:22","date_gmt":"2013-07-18T09:15:22","guid":{"rendered":"http:\/\/blogs.hoy.es\/lostesorosdelaraya\/?page_id=74"},"modified":"2013-07-18T11:15:22","modified_gmt":"2013-07-18T09:15:22","slug":"marvao-y-castelo-de-vide","status":"publish","type":"page","link":"https:\/\/blogs.hoy.es\/lostesorosdelaraya\/marvao-y-castelo-de-vide\/","title":{"rendered":"Marv\u00e3o y Castelo de Vide"},"content":{"rendered":"<p>Marv\u00e3o y Castelo de Vide est\u00e1n en el mismo paralelo que Valencia de Alc\u00e1ntara. Y casi equidistantes de la raya fronteriza: a un tiro de piedra, unos ocho kil\u00f3metros de gran belleza, a trav\u00e9s de la Serra de Marv\u00e3o, de grandes picachos cortados en vertical y con frondosa vegetaci\u00f3n de aut\u00e9ntico, bien preservado bosque mediterr\u00e1neo. \u00a1Qu\u00e9 preciosos lugares para recorrer sin prisa, andando, como lo har\u00edan en el Neol\u00edtico nuestros antecesores, que tantos restos megal\u00edticos -especialmente d\u00f3lmenes- han dejado en la zona!<br \/>\nEs Marv\u00e3o una fregues\u00eda (http:\/\/es.wikipedia.org\/wiki\/Freguesia) que no llega a 500 habitantes, totalmente fortificado, con doble amurallamiento: medieval y abaluartado moderno. Situado en lo alto de una cima de 865 m., se accede a \u00e9l por una carretera serpenteante que nos va descubriendo desde lo alto un magn\u00edfico panorama: la regi\u00f3n plana de Castelo Branco al norte, vislumbr\u00e1ndose m\u00e1s all\u00e1 la Serra da Estrela, y la Serra de S\u00e3o Mamede al sur y sureste. En los alrededores, la vegetaci\u00f3n es densa, de grandes \u00e1rboles y frondoso sotobosque.<br \/>\nTras atravesar los grandes lienzos de muralla del siglo XVII, entramos en una red de callejuelas en cuesta, de casas blancas, balcones floridos, rejas forjadas, puertas g\u00f3ticas y ventanas manuelinas, sin que falten capillas m\u00ednimas y plazoletas de \u00e1rboles centenarios, desde donde se abarca una hermosa panor\u00e1mica de los alrededores transfronterizos.<br \/>\nM\u00e1s arriba est\u00e1 el amurallamiento medieval, con su castillo levantado a finales del siglo XIII, coronando el picacho como nido de \u00e1guila. Subiendo a la torre del homenaje, descubriremos una de las vistas m\u00e1s impresionantes de todo Portugal, y veremos la cercana Castelo de Vide, villa no suficientemente valorada a pesar de su belleza, compleja y concentrada en una red urbana relativamente peque\u00f1a.<br \/>\nAntes de llegar a este alzamiento cuarc\u00edtico, viniendo de Portalegre, podemos visitar la magn\u00edfica Cidade romana de Ammaia, del siglo I, en la fregues\u00eda de S\u00e3o Salvador de Aramenha. Las excavaciones arqueol\u00f3gica est\u00e1n dejando a la vista un yacimiento de enorme importancia estrat\u00e9gica, econ\u00f3mica, social\u2026 y singular belleza.<br \/>\nCastelo de Vide tambi\u00e9n presenta doble fortificaci\u00f3n: la medieval, con un amplio castillo del siglo XII -que encierra varias callejuelas empedradas, de fachadas blancas, tejados rojos y numerosos tiestos con flores- y la abaluartada -casi completa en su original traza, con s\u00f3lido fuerte en extremo contrario al castillo-, reforzando externamente la anterior.<br \/>\nA los pies del cerro donde se alzan estas fortificaciones est\u00e1 el barrio jud\u00edo. Pintoresco barrio de casas muy blancas y portadas g\u00f3ticas, en el que se encuentra una Sinagoga y la fonte da Vila, amplia fuente renacentista de granito, con agua fresqu\u00edsima. Un poco m\u00e1s abajo, la Pra\u00e7a de Dom Pedro IV, muy espaciosa y rodeada de monumentales construcciones de los siglos XVII y XVIII; los restaurantes que hay en este lugar son estupendos, tanto para comer a\u00e7ordas, ensopados, cocido alentejano o asado de cabrito y borrego, como para recrearse con su reposter\u00eda, sin olvidar los vinos densos de este Alto Alentejo.<br \/>\nNo debemos marcharnos sin visitar su cementerio, en la ladera, con vistas muy reconfortantes a un valle verde y exuberante. All\u00ed est\u00e1 enterrado uno de los grandes h\u00e9roes de la Revolu\u00e7\u00e3o dos Cravos de 1974: el capit\u00e3o Salguero Maia. Su tumba, muy visitada, es un ejemplo de austeridad, romanticismo y amor del pueblo sencillo hacia sus grandes hombres, llenos de entrega y dignidad.<\/p>\n<!-- AddThis Advanced Settings generic via filter on the_content --><!-- AddThis Share Buttons generic via filter on the_content -->","protected":false},"excerpt":{"rendered":"<p>Marv\u00e3o y Castelo de Vide est\u00e1n en el mismo paralelo que Valencia de Alc\u00e1ntara. Y casi equidistantes de la raya fronteriza: a un tiro de piedra, unos ocho kil\u00f3metros de gran belleza, a trav\u00e9s de la Serra de Marv\u00e3o, de grandes picachos cortados en vertical y con frondosa vegetaci\u00f3n de aut\u00e9ntico, bien preservado bosque mediterr\u00e1neo. [&hellip;]<!-- AddThis Advanced Settings generic via filter on get_the_excerpt --><!-- AddThis Share Buttons generic via filter on get_the_excerpt --><\/p>\n","protected":false},"author":107,"featured_media":0,"parent":0,"menu_order":0,"comment_status":"open","ping_status":"closed","template":"","meta":[],"_links":{"self":[{"href":"https:\/\/blogs.hoy.es\/lostesorosdelaraya\/wp-json\/wp\/v2\/pages\/74"}],"collection":[{"href":"https:\/\/blogs.hoy.es\/lostesorosdelaraya\/wp-json\/wp\/v2\/pages"}],"about":[{"href":"https:\/\/blogs.hoy.es\/lostesorosdelaraya\/wp-json\/wp\/v2\/types\/page"}],"author":[{"embeddable":true,"href":"https:\/\/blogs.hoy.es\/lostesorosdelaraya\/wp-json\/wp\/v2\/users\/107"}],"replies":[{"embeddable":true,"href":"https:\/\/blogs.hoy.es\/lostesorosdelaraya\/wp-json\/wp\/v2\/comments?post=74"}],"version-history":[{"count":0,"href":"https:\/\/blogs.hoy.es\/lostesorosdelaraya\/wp-json\/wp\/v2\/pages\/74\/revisions"}],"wp:attachment":[{"href":"https:\/\/blogs.hoy.es\/lostesorosdelaraya\/wp-json\/wp\/v2\/media?parent=74"}],"curies":[{"name":"wp","href":"https:\/\/api.w.org\/{rel}","templated":true}]}}